{"id":10093,"date":"2024-10-07T00:20:55","date_gmt":"2024-10-06T21:20:55","guid":{"rendered":"https:\/\/www.turunch.net\/cosmetic\/?post_type=product&#038;p=10093"},"modified":"2025-02-02T16:23:21","modified_gmt":"2025-02-02T13:23:21","slug":"anti-aging-krem","status":"publish","type":"product","link":"https:\/\/www.turunch.net\/cosmetic\/urun\/anti-aging-krem\/","title":{"rendered":"Anti-Aging Krem"},"content":{"rendered":"<p><strong>\u0130\u00e7indekiler<\/strong><\/p>\n<p>Aqua, Glycerin, Cetearyl Alcohol , Caprylic \/Capric Triglyceride, Octyldodecanol, Sodium Hyaluronate, Hydrolyzed Collagen , Niacinamide, Stearic Acid, Ceteareth-25, Dimethicone, Panthenol ,<br \/>\nPhenoxyethanol ,Caprylyl Glycol, Parfum, Polyacrylate Crosspolymer-6.<\/p>\n<div class=\"s10\"><strong><span class=\"s4\">\u00dcr\u00fcn\u00fcn G\u00fc\u00e7l\u00fc Yanlar\u0131, Etiket \u00dczerinde \u00d6zellik<\/span><span class=\"s4\">l<\/span><span class=\"s4\">e G\u00f6sterilmesi Gereken Bask\u0131n Yanlar\u0131<\/span><\/strong><\/div>\n<p>&#8211; PROVITAMIN B5<br \/>\n&#8211; Hyaluronik Asit<br \/>\n&#8211; Niacinamide<\/p>\n","protected":false},"excerpt":{"rendered":"<p><strong>Anti-Aging Krem:<\/strong><br \/>\n\u0130\u00e7eri\u011findeki Hyaluronik asit, ve Niacinamide gibi vitaminler sayesinde cildi yenilemeye ve s\u0131k\u0131la\u015ft\u0131rmaya yard\u0131mc\u0131 olurken, ayn\u0131 zamanda cildi besler ve gen\u00e7 g\u00f6r\u00fcn\u00fcm\u00fcn\u00fc korumas\u0131n\u0131 destekler. \u0130nce \u00e7izgilerin engellenmesine ve derin k\u0131r\u0131\u015f\u0131kl\u0131k g\u00f6r\u00fcn\u00fcm\u00fcn\u00fc \u00f6nlemeye yard\u0131mc\u0131 olur.<\/p>\n","protected":false},"featured_media":10373,"comment_status":"open","ping_status":"closed","template":"","meta":{"_joinchat":[]},"product_brand":[],"product_cat":[72],"product_tag":[97,94,98],"class_list":{"0":"post-10093","1":"product","2":"type-product","3":"status-publish","4":"has-post-thumbnail","6":"product_cat-cilt-bakim-urunleri","7":"product_tag-antiaging-krem","8":"product_tag-cilt-bakimi","9":"product_tag-yaslanma-karsiti-krem","11":"first","12":"instock","13":"shipping-taxable","14":"product-type-simple"},"_links":{"self":[{"href":"https:\/\/www.turunch.net\/cosmetic\/wp-json\/wp\/v2\/product\/10093","targetHints":{"allow":["GET"]}}],"collection":[{"href":"https:\/\/www.turunch.net\/cosmetic\/wp-json\/wp\/v2\/product"}],"about":[{"href":"https:\/\/www.turunch.net\/cosmetic\/wp-json\/wp\/v2\/types\/product"}],"replies":[{"embeddable":true,"href":"https:\/\/www.turunch.net\/cosmetic\/wp-json\/wp\/v2\/comments?post=10093"}],"wp:featuredmedia":[{"embeddable":true,"href":"https:\/\/www.turunch.net\/cosmetic\/wp-json\/wp\/v2\/media\/10373"}],"wp:attachment":[{"href":"https:\/\/www.turunch.net\/cosmetic\/wp-json\/wp\/v2\/media?parent=10093"}],"wp:term":[{"taxonomy":"product_brand","embeddable":true,"href":"https:\/\/www.turunch.net\/cosmetic\/wp-json\/wp\/v2\/product_brand?post=10093"},{"taxonomy":"product_cat","embeddable":true,"href":"https:\/\/www.turunch.net\/cosmetic\/wp-json\/wp\/v2\/product_cat?post=10093"},{"taxonomy":"product_tag","embeddable":true,"href":"https:\/\/www.turunch.net\/cosmetic\/wp-json\/wp\/v2\/product_tag?post=10093"}],"curies":[{"name":"wp","href":"https:\/\/api.w.org\/{rel}","templated":true}]}}