{"id":10089,"date":"2024-10-07T00:16:55","date_gmt":"2024-10-06T21:16:55","guid":{"rendered":"https:\/\/www.turunch.net\/cosmetic\/?post_type=product&#038;p=10089"},"modified":"2025-02-03T00:01:47","modified_gmt":"2025-02-02T21:01:47","slug":"beyazlatici-krem","status":"publish","type":"product","link":"https:\/\/www.turunch.net\/cosmetic\/urun\/beyazlatici-krem\/","title":{"rendered":"Beyazlat\u0131c\u0131 Krem"},"content":{"rendered":"<p><strong>\u0130\u00e7indekiler<\/strong><\/p>\n<p>Aqua, Sodium Stearoyl Glutamate, Glyceryl Stearate, Cetearyl Alcohol, Glycerin ,Butyrospermum Parkii (Shea) Butter, Ricinus Communis Seed (Castor) Oil , Alpha-Arbutin, Citrus Reticulata Peel Oil , Niacinamide, Phenoxyethanol, Ethylhexylglycerin.<\/p>\n<div class=\"s10\"><strong><span class=\"s4\">\u00dcr\u00fcn\u00fcn G\u00fc\u00e7l\u00fc Yanlar\u0131, Etiket \u00dczerinde \u00d6zellik<\/span><span class=\"s4\">l<\/span><span class=\"s4\">e G\u00f6sterilmesi Gereken Bask\u0131n Yanlar\u0131<\/span><\/strong><\/div>\n<p>&#8211; Mandalina &amp; Hint Ya\u011f\u0131<br \/>\n&#8211; Alpha-Arbutin<br \/>\n&#8211; Niacinamide<\/p>\n","protected":false},"excerpt":{"rendered":"<p><strong>Cilt Beyazlat\u0131c\u0131 Krem:<\/strong><br \/>\nCildinizdeki koyu lekelerin g\u00f6r\u00fcn\u00fcm\u00fcn\u00fc kademeli bir \u015fekilde \u00f6nlemeye ve ciltte ayd\u0131nl\u0131k bir g\u00f6r\u00fcn\u00fcm sa\u011flamaya yard\u0131mc\u0131 olur. \u0130\u00e7inde bulundurdu\u011fu Mandalina ve Hint ya\u011f\u0131 sayesinde cildin nem dengesini sa\u011flamaya, akne ve siyah nokta izlerinin g\u00f6r\u00fcn\u00fcm\u00fcn\u00fc azaltmaya, cilt tonunu dengelemeye yard\u0131mc\u0131 olur. Y\u00fcz, koltuk alt\u0131, dirsek, diz ve d\u0131\u015f genital b\u00f6lgede kullan\u0131m\u0131 uygundur.<\/p>\n","protected":false},"featured_media":10377,"comment_status":"open","ping_status":"closed","template":"","meta":{"_joinchat":[]},"product_brand":[],"product_cat":[72],"product_tag":[99,94,100],"class_list":{"0":"post-10089","1":"product","2":"type-product","3":"status-publish","4":"has-post-thumbnail","6":"product_cat-cilt-bakim-urunleri","7":"product_tag-beyazlatici-krem","8":"product_tag-cilt-bakimi","9":"product_tag-whitening-krem","11":"first","12":"instock","13":"shipping-taxable","14":"product-type-simple"},"_links":{"self":[{"href":"https:\/\/www.turunch.net\/cosmetic\/wp-json\/wp\/v2\/product\/10089","targetHints":{"allow":["GET"]}}],"collection":[{"href":"https:\/\/www.turunch.net\/cosmetic\/wp-json\/wp\/v2\/product"}],"about":[{"href":"https:\/\/www.turunch.net\/cosmetic\/wp-json\/wp\/v2\/types\/product"}],"replies":[{"embeddable":true,"href":"https:\/\/www.turunch.net\/cosmetic\/wp-json\/wp\/v2\/comments?post=10089"}],"wp:featuredmedia":[{"embeddable":true,"href":"https:\/\/www.turunch.net\/cosmetic\/wp-json\/wp\/v2\/media\/10377"}],"wp:attachment":[{"href":"https:\/\/www.turunch.net\/cosmetic\/wp-json\/wp\/v2\/media?parent=10089"}],"wp:term":[{"taxonomy":"product_brand","embeddable":true,"href":"https:\/\/www.turunch.net\/cosmetic\/wp-json\/wp\/v2\/product_brand?post=10089"},{"taxonomy":"product_cat","embeddable":true,"href":"https:\/\/www.turunch.net\/cosmetic\/wp-json\/wp\/v2\/product_cat?post=10089"},{"taxonomy":"product_tag","embeddable":true,"href":"https:\/\/www.turunch.net\/cosmetic\/wp-json\/wp\/v2\/product_tag?post=10089"}],"curies":[{"name":"wp","href":"https:\/\/api.w.org\/{rel}","templated":true}]}}