{"id":10074,"date":"2024-10-03T14:30:28","date_gmt":"2024-10-03T11:30:28","guid":{"rendered":"https:\/\/www.turunch.net\/cosmetic\/?post_type=product&#038;p=10074"},"modified":"2025-01-29T23:23:25","modified_gmt":"2025-01-29T20:23:25","slug":"vu%cc%88cut-peelingi","status":"publish","type":"product","link":"https:\/\/www.turunch.net\/cosmetic\/urun\/vu%cc%88cut-peelingi\/","title":{"rendered":"Vu\u0308cut Peelingi"},"content":{"rendered":"<p><strong>\u0130\u00e7indekiler<\/strong><\/p>\n<p>Aqua, Cetearyl Alcohol, Glycerin, Cetrimonium Chloride , Paraffinum Liquidum, Ethylhexylglycerin, Prunus Armeniaca (Apricot Kernel) Seed Powder, Prunus Amygdalus Dulcis (Sweet Almond) Oil, Lavandula Angustifolia (Lavander) Oil, Dimethicone, Phenoxyethanol.<\/p>\n<p>&nbsp;<\/p>\n<div class=\"s10\"><strong><span class=\"s4\">\u00dcr\u00fcn\u00fcn G\u00fc\u00e7l\u00fc Yanlar\u0131, Etiket \u00dczerinde \u00d6zellik<\/span><span class=\"s4\">l<\/span><span class=\"s4\">e G\u00f6sterilmesi Gereken Bask\u0131n Yanlar\u0131<\/span><\/strong><\/div>\n<p>-Kay\u0131s\u0131 \u00c7ekirde\u011fi tanecikli<br \/>\n&#8211; Badem &amp; Lavanta Ya\u011f\u0131<br \/>\n&#8211; Glycerin<\/p>\n","protected":false},"excerpt":{"rendered":"<p><strong>V\u00fccut Peelingi:<\/strong><br \/>\nCildinizi derinlemesine temizleyen, yenileyen ve canland\u0131ran bir v\u00fccut bak\u0131m \u00fcr\u00fcn\u00fcd\u00fcr. Do\u011fal i\u00e7eriklerle form\u00fcle edilmi\u015f bu peeling, cildinizin \u00f6l\u00fc derilerden ar\u0131nmas\u0131na ve daha parlak ve p\u00fcr\u00fczs\u00fcz bir g\u00f6r\u00fcn\u00fcme kavu\u015fmas\u0131na yard\u0131mc\u0131 olur.<\/p>\n","protected":false},"featured_media":10367,"comment_status":"open","ping_status":"closed","template":"","meta":{"_joinchat":[]},"product_brand":[],"product_cat":[71],"product_tag":[86,85],"class_list":{"0":"post-10074","1":"product","2":"type-product","3":"status-publish","4":"has-post-thumbnail","6":"product_cat-vucut-bakim-urunleri","7":"product_tag-peeling","8":"product_tag-vucut-peelingi","10":"first","11":"instock","12":"shipping-taxable","13":"product-type-simple"},"_links":{"self":[{"href":"https:\/\/www.turunch.net\/cosmetic\/wp-json\/wp\/v2\/product\/10074","targetHints":{"allow":["GET"]}}],"collection":[{"href":"https:\/\/www.turunch.net\/cosmetic\/wp-json\/wp\/v2\/product"}],"about":[{"href":"https:\/\/www.turunch.net\/cosmetic\/wp-json\/wp\/v2\/types\/product"}],"replies":[{"embeddable":true,"href":"https:\/\/www.turunch.net\/cosmetic\/wp-json\/wp\/v2\/comments?post=10074"}],"wp:featuredmedia":[{"embeddable":true,"href":"https:\/\/www.turunch.net\/cosmetic\/wp-json\/wp\/v2\/media\/10367"}],"wp:attachment":[{"href":"https:\/\/www.turunch.net\/cosmetic\/wp-json\/wp\/v2\/media?parent=10074"}],"wp:term":[{"taxonomy":"product_brand","embeddable":true,"href":"https:\/\/www.turunch.net\/cosmetic\/wp-json\/wp\/v2\/product_brand?post=10074"},{"taxonomy":"product_cat","embeddable":true,"href":"https:\/\/www.turunch.net\/cosmetic\/wp-json\/wp\/v2\/product_cat?post=10074"},{"taxonomy":"product_tag","embeddable":true,"href":"https:\/\/www.turunch.net\/cosmetic\/wp-json\/wp\/v2\/product_tag?post=10074"}],"curies":[{"name":"wp","href":"https:\/\/api.w.org\/{rel}","templated":true}]}}