{"id":10059,"date":"2024-10-03T13:45:15","date_gmt":"2024-10-03T10:45:15","guid":{"rendered":"https:\/\/www.turunch.net\/cosmetic\/?post_type=product&#038;p=10059"},"modified":"2025-02-04T00:04:13","modified_gmt":"2025-02-03T21:04:13","slug":"makyaj-temizleme-suyu","status":"publish","type":"product","link":"https:\/\/www.turunch.net\/cosmetic\/urun\/makyaj-temizleme-suyu\/","title":{"rendered":"Makyaj Temizleme Suyu"},"content":{"rendered":"<p><strong>\u0130\u00e7indekiler<\/strong><\/p>\n<p><span class=\"s7\">Aqua<\/span><span class=\"s7\">, Rosa <\/span><span class=\"s7\">Damascena<\/span> <span class=\"s7\">Flower<\/span> <span class=\"s7\">Extract<\/span><span class=\"s7\">, <\/span><span class=\"s7\">Propylene<\/span> <span class=\"s7\">Glycol<\/span><span class=\"s7\">, <\/span><span class=\"s7\">Glycerin<\/span><span class=\"s7\">, <\/span><span class=\"s7\">Sodium<\/span> <span class=\"s7\">Benzoate<\/span><span class=\"s7\">.<\/span><\/p>\n<p>&nbsp;<\/p>\n<div class=\"s10\"><strong><span class=\"s4\">\u00dcr\u00fcn\u00fcn G\u00fc\u00e7l\u00fc Yanlar\u0131, Etiket \u00dczerinde \u00d6zellik<\/span><span class=\"s4\">l<\/span><span class=\"s4\">e G\u00f6sterilmesi Gereken Bask\u0131n Yanlar\u0131<\/span><\/strong><\/div>\n<div class=\"s8\"><span class=\"s6\">&#8211; <\/span><span class=\"s7\">Durulama Gerektirmez<\/span><\/div>\n<div class=\"s8\"><span class=\"s6\">&#8211; <\/span><span class=\"s7\">G\u00fcl Suyu \u0130\u00e7erikli<\/span><\/div>\n<div class=\"s8\"><span class=\"s6\">&#8211; <\/span><span class=\"s7\">T\u00fcm Ciltler i\u00e7in uygundur<\/span><\/div>\n<div class=\"s8\"><span class=\"s6\">&#8211; <\/span><span class=\"s7\">\u015eimidil<\/span><span class=\"s7\">ik<\/span><span class=\"s7\"> Vegan sertifikas\u0131 olmad\u0131\u011f\u0131nda Vegan <\/span><span class=\"s7\">Icerikli<\/span><span class=\"s7\"> gibi bir ibare kullanal\u0131m<\/span><\/div>\n","protected":false},"excerpt":{"rendered":"<p><strong>Makyaj Temizleme Suyu:<\/strong><br \/>\nY\u00fcz, g\u00f6z ve dudaklardaki makyaj ve kirleri tek ad\u0131mda durulamaya ihtiya\u00e7 duymadan temizlemeye yard\u0131mc\u0131 olur. \u00d6zel form\u00fclasyonu sayesinde cildi nemlendirmeye yard\u0131mc\u0131 olur.<\/p>\n","protected":false},"featured_media":10390,"comment_status":"open","ping_status":"closed","template":"","meta":{"_joinchat":[]},"product_brand":[],"product_cat":[72],"product_tag":[94,116],"class_list":{"0":"post-10059","1":"product","2":"type-product","3":"status-publish","4":"has-post-thumbnail","6":"product_cat-cilt-bakim-urunleri","7":"product_tag-cilt-bakimi","8":"product_tag-makyaj-temizleme-suyu","10":"first","11":"instock","12":"shipping-taxable","13":"product-type-simple"},"_links":{"self":[{"href":"https:\/\/www.turunch.net\/cosmetic\/wp-json\/wp\/v2\/product\/10059","targetHints":{"allow":["GET"]}}],"collection":[{"href":"https:\/\/www.turunch.net\/cosmetic\/wp-json\/wp\/v2\/product"}],"about":[{"href":"https:\/\/www.turunch.net\/cosmetic\/wp-json\/wp\/v2\/types\/product"}],"replies":[{"embeddable":true,"href":"https:\/\/www.turunch.net\/cosmetic\/wp-json\/wp\/v2\/comments?post=10059"}],"wp:featuredmedia":[{"embeddable":true,"href":"https:\/\/www.turunch.net\/cosmetic\/wp-json\/wp\/v2\/media\/10390"}],"wp:attachment":[{"href":"https:\/\/www.turunch.net\/cosmetic\/wp-json\/wp\/v2\/media?parent=10059"}],"wp:term":[{"taxonomy":"product_brand","embeddable":true,"href":"https:\/\/www.turunch.net\/cosmetic\/wp-json\/wp\/v2\/product_brand?post=10059"},{"taxonomy":"product_cat","embeddable":true,"href":"https:\/\/www.turunch.net\/cosmetic\/wp-json\/wp\/v2\/product_cat?post=10059"},{"taxonomy":"product_tag","embeddable":true,"href":"https:\/\/www.turunch.net\/cosmetic\/wp-json\/wp\/v2\/product_tag?post=10059"}],"curies":[{"name":"wp","href":"https:\/\/api.w.org\/{rel}","templated":true}]}}