{"id":10053,"date":"2024-10-03T13:38:50","date_gmt":"2024-10-03T10:38:50","guid":{"rendered":"https:\/\/www.turunch.net\/cosmetic\/?post_type=product&#038;p=10053"},"modified":"2025-02-03T23:44:12","modified_gmt":"2025-02-03T20:44:12","slug":"yu%cc%88z-temizleme-jeli","status":"publish","type":"product","link":"https:\/\/www.turunch.net\/cosmetic\/urun\/yu%cc%88z-temizleme-jeli\/","title":{"rendered":"Yu\u0308z Temizleme Jeli"},"content":{"rendered":"<p><strong>\u0130\u00e7indekiler<\/strong><\/p>\n<p>Aqua, Lauryl Glucoside, Cocamidopropyl Betaine , Sodium C14-16 Olefin Sulfonate, Coco Glucoside, Glyceryl Oleate, Sodium Cocoyl Amino Acids , Sarcosine , Potassium Aspartate , Magnesium Aspartate, Xylitylglucoside, Anhydroxylitol, Xylitol, Sodium Cocoyl Apple Amino Acids, Phenoxyethanol, Ethylhexylglycerin, Parfum , Panthenol.<\/p>\n<p>&nbsp;<\/p>\n<div class=\"s10\"><strong><span class=\"s4\">\u00dcr\u00fcn\u00fcn G\u00fc\u00e7l\u00fc Yanlar\u0131, Etiket \u00dczerinde \u00d6zellik<\/span><span class=\"s4\">l<\/span><span class=\"s4\">e G\u00f6sterilmesi Gereken Bask\u0131n Yanlar\u0131<\/span><\/strong><\/div>\n<p>&#8211; PROVITAMIN B5 On y\u00fczde olmal\u0131<\/p>\n<p>&#8211; Sles &amp; SLS i\u00e7ermez<\/p>\n<p>&#8211; Vegan i\u00e7eriklidir<\/p>\n","protected":false},"excerpt":{"rendered":"<p><strong>Nemlendirici Y\u00fcz Temizleme Jeli:<\/strong><br \/>\nYa\u011fl\u0131 ve akneye e\u011filim g\u00f6steren ciltler i\u00e7in \u00f6zel olarak form\u00fcle edilmi\u015f ar\u0131nd\u0131r\u0131c\u0131 y\u00fcz temizleme jeli, ciltteki fazla ya\u011f\u0131, kiri ve makyaj kal\u0131nt\u0131lar\u0131n\u0131 nazik\u00e7e temizlerken ayn\u0131 zamanda g\u00f6zeneklerin s\u0131k\u0131la\u015fmas\u0131n\u0131 sa\u011flar, akne ve siyah noktalar\u0131n olu\u015fumunu \u00f6nlemeye yard\u0131mc\u0131 olur.<\/p>\n","protected":false},"featured_media":10384,"comment_status":"open","ping_status":"closed","template":"","meta":{"_joinchat":[]},"product_brand":[],"product_cat":[72],"product_tag":[94,109],"class_list":{"0":"post-10053","1":"product","2":"type-product","3":"status-publish","4":"has-post-thumbnail","6":"product_cat-cilt-bakim-urunleri","7":"product_tag-cilt-bakimi","8":"product_tag-yuz-temizleme-jeli","10":"first","11":"instock","12":"shipping-taxable","13":"product-type-simple"},"_links":{"self":[{"href":"https:\/\/www.turunch.net\/cosmetic\/wp-json\/wp\/v2\/product\/10053","targetHints":{"allow":["GET"]}}],"collection":[{"href":"https:\/\/www.turunch.net\/cosmetic\/wp-json\/wp\/v2\/product"}],"about":[{"href":"https:\/\/www.turunch.net\/cosmetic\/wp-json\/wp\/v2\/types\/product"}],"replies":[{"embeddable":true,"href":"https:\/\/www.turunch.net\/cosmetic\/wp-json\/wp\/v2\/comments?post=10053"}],"wp:featuredmedia":[{"embeddable":true,"href":"https:\/\/www.turunch.net\/cosmetic\/wp-json\/wp\/v2\/media\/10384"}],"wp:attachment":[{"href":"https:\/\/www.turunch.net\/cosmetic\/wp-json\/wp\/v2\/media?parent=10053"}],"wp:term":[{"taxonomy":"product_brand","embeddable":true,"href":"https:\/\/www.turunch.net\/cosmetic\/wp-json\/wp\/v2\/product_brand?post=10053"},{"taxonomy":"product_cat","embeddable":true,"href":"https:\/\/www.turunch.net\/cosmetic\/wp-json\/wp\/v2\/product_cat?post=10053"},{"taxonomy":"product_tag","embeddable":true,"href":"https:\/\/www.turunch.net\/cosmetic\/wp-json\/wp\/v2\/product_tag?post=10053"}],"curies":[{"name":"wp","href":"https:\/\/api.w.org\/{rel}","templated":true}]}}