{"id":10049,"date":"2024-10-03T13:34:05","date_gmt":"2024-10-03T10:34:05","guid":{"rendered":"https:\/\/www.turunch.net\/cosmetic\/?post_type=product&#038;p=10049"},"modified":"2025-02-03T23:49:06","modified_gmt":"2025-02-03T20:49:06","slug":"gu%cc%88l-suyu","status":"publish","type":"product","link":"https:\/\/www.turunch.net\/cosmetic\/urun\/gu%cc%88l-suyu\/","title":{"rendered":"Gu\u0308l Suyu"},"content":{"rendered":"<p><strong>\u0130\u00e7indekiler<\/strong><\/p>\n<p><span class=\"s6\">% 100 G\u00fcl Suyu<\/span> <span class=\"s6\">( %100 Rosa <\/span><span class=\"s6\">Damascena<\/span> <span class=\"s6\">Flower<\/span> <span class=\"s6\">Water<\/span><span class=\"s6\">).<\/span><\/p>\n<p>&nbsp;<\/p>\n<div class=\"s10\"><strong><span class=\"s4\">\u00dcr\u00fcn\u00fcn G\u00fc\u00e7l\u00fc Yanlar\u0131, Etiket \u00dczerinde \u00d6zellik<\/span><span class=\"s4\">l<\/span><span class=\"s4\">e G\u00f6sterilmesi Gereken Bask\u0131n Yanlar\u0131<\/span><\/strong><\/div>\n<p>&#8211; % 100 Saf &amp; Do\u011fal<br \/>\n&#8211; Canland\u0131r\u0131c\u0131<br \/>\n&#8211; S\u0131k\u0131la\u015ft\u0131r\u0131c\u0131<br \/>\n&#8211; Dengeleyici<br \/>\n&#8211; Tonic&amp; Skin Cleansing<\/p>\n","protected":false},"excerpt":{"rendered":"<p><strong>%100 G\u00fcl Suyu: <\/strong><br \/>\nNormalden kuruya d\u00f6n\u00fck, \u00f6zellikle hassas ve cans\u0131z ciltler i\u00e7in uygun olmakla birlikte t\u00fcm cilt tiplerinin kullanabilece\u011fi tonik etkili bir sudur. G\u00fcn boyunca toz, kir gibi, d\u0131\u015f etkenlere maruz kalan cildinizin g\u00f6zeneklerini temizleyici etkilidir. Cildinizin g\u00fcnl\u00fck nem ihtiyac\u0131n\u0131 kar\u015f\u0131lamaya yard\u0131mc\u0131 olur.<\/p>\n","protected":false},"featured_media":10385,"comment_status":"open","ping_status":"closed","template":"","meta":{"_joinchat":[]},"product_brand":[],"product_cat":[72],"product_tag":[94,110],"class_list":{"0":"post-10049","1":"product","2":"type-product","3":"status-publish","4":"has-post-thumbnail","6":"product_cat-cilt-bakim-urunleri","7":"product_tag-cilt-bakimi","8":"product_tag-gul-suyu","10":"first","11":"instock","12":"shipping-taxable","13":"product-type-simple"},"_links":{"self":[{"href":"https:\/\/www.turunch.net\/cosmetic\/wp-json\/wp\/v2\/product\/10049","targetHints":{"allow":["GET"]}}],"collection":[{"href":"https:\/\/www.turunch.net\/cosmetic\/wp-json\/wp\/v2\/product"}],"about":[{"href":"https:\/\/www.turunch.net\/cosmetic\/wp-json\/wp\/v2\/types\/product"}],"replies":[{"embeddable":true,"href":"https:\/\/www.turunch.net\/cosmetic\/wp-json\/wp\/v2\/comments?post=10049"}],"wp:featuredmedia":[{"embeddable":true,"href":"https:\/\/www.turunch.net\/cosmetic\/wp-json\/wp\/v2\/media\/10385"}],"wp:attachment":[{"href":"https:\/\/www.turunch.net\/cosmetic\/wp-json\/wp\/v2\/media?parent=10049"}],"wp:term":[{"taxonomy":"product_brand","embeddable":true,"href":"https:\/\/www.turunch.net\/cosmetic\/wp-json\/wp\/v2\/product_brand?post=10049"},{"taxonomy":"product_cat","embeddable":true,"href":"https:\/\/www.turunch.net\/cosmetic\/wp-json\/wp\/v2\/product_cat?post=10049"},{"taxonomy":"product_tag","embeddable":true,"href":"https:\/\/www.turunch.net\/cosmetic\/wp-json\/wp\/v2\/product_tag?post=10049"}],"curies":[{"name":"wp","href":"https:\/\/api.w.org\/{rel}","templated":true}]}}