{"id":10044,"date":"2024-10-03T13:27:29","date_gmt":"2024-10-03T10:27:29","guid":{"rendered":"https:\/\/www.turunch.net\/cosmetic\/?post_type=product&#038;p=10044"},"modified":"2025-02-04T16:27:39","modified_gmt":"2025-02-04T13:27:39","slug":"fo%cc%88n-suyu","status":"publish","type":"product","link":"https:\/\/www.turunch.net\/cosmetic\/urun\/fo%cc%88n-suyu\/","title":{"rendered":"Fo\u0308n Suyu"},"content":{"rendered":"<p><strong>\u0130\u00e7indekiler<\/strong><\/p>\n<p>Aqua, Cyclopentasiloxane, Silicone Quaternium-17, Polyquaternium-6 , Propylene Glycol, Cetrimonium Chloride, Phenoxyethanol, Trideceth-6 , Trideceth-12, Ethylhexylglycerin, Parfum, Cocamidopropyl Betaine, CI 42090.<\/p>\n<p>&nbsp;<\/p>\n<div class=\"s10\"><strong><span class=\"s4\">\u00dcr\u00fcn\u00fcn G\u00fc\u00e7l\u00fc Yanlar\u0131, Etiket \u00dczerinde \u00d6zellik<\/span><span class=\"s4\">l<\/span><span class=\"s4\">e G\u00f6sterilmesi Gereken Bask\u0131n Yanlar\u0131<\/span><\/strong><\/div>\n<p>&#8211; Kolay taranma<br \/>\n&#8211; Hacim Verme<br \/>\n&#8211; Parlakl\u0131k Kazand\u0131rma<\/p>\n","protected":false},"excerpt":{"rendered":"<p><strong>\u0130ki Fazl\u0131 Sa\u00e7 Kondisyoneri:<\/strong><br \/>\n\u00c7ift faz kondisyoneri sa\u00e7\u0131n kolay taranmas\u0131na ve yumu\u015famas\u0131na yard\u0131mc\u0131 olur. Her g\u00fcn kullan\u0131m i\u00e7in uygundur. F\u00f6n \u00f6ncesi kullan\u0131mda sa\u00e7taki elektriklenmeyi azalt\u0131rken, f\u00f6n\u00fcn kal\u0131c\u0131l\u0131\u011f\u0131n\u0131 artt\u0131rmaya yard\u0131mc\u0131 olur.<\/p>\n","protected":false},"featured_media":10391,"comment_status":"open","ping_status":"closed","template":"","meta":{"_joinchat":[]},"product_brand":[],"product_cat":[73],"product_tag":[111,112],"class_list":{"0":"post-10044","1":"product","2":"type-product","3":"status-publish","4":"has-post-thumbnail","6":"product_cat-sac-bakim-urunleri","7":"product_tag-fon-suyu","8":"product_tag-sac-bakimi","10":"first","11":"instock","12":"shipping-taxable","13":"product-type-simple"},"_links":{"self":[{"href":"https:\/\/www.turunch.net\/cosmetic\/wp-json\/wp\/v2\/product\/10044","targetHints":{"allow":["GET"]}}],"collection":[{"href":"https:\/\/www.turunch.net\/cosmetic\/wp-json\/wp\/v2\/product"}],"about":[{"href":"https:\/\/www.turunch.net\/cosmetic\/wp-json\/wp\/v2\/types\/product"}],"replies":[{"embeddable":true,"href":"https:\/\/www.turunch.net\/cosmetic\/wp-json\/wp\/v2\/comments?post=10044"}],"wp:featuredmedia":[{"embeddable":true,"href":"https:\/\/www.turunch.net\/cosmetic\/wp-json\/wp\/v2\/media\/10391"}],"wp:attachment":[{"href":"https:\/\/www.turunch.net\/cosmetic\/wp-json\/wp\/v2\/media?parent=10044"}],"wp:term":[{"taxonomy":"product_brand","embeddable":true,"href":"https:\/\/www.turunch.net\/cosmetic\/wp-json\/wp\/v2\/product_brand?post=10044"},{"taxonomy":"product_cat","embeddable":true,"href":"https:\/\/www.turunch.net\/cosmetic\/wp-json\/wp\/v2\/product_cat?post=10044"},{"taxonomy":"product_tag","embeddable":true,"href":"https:\/\/www.turunch.net\/cosmetic\/wp-json\/wp\/v2\/product_tag?post=10044"}],"curies":[{"name":"wp","href":"https:\/\/api.w.org\/{rel}","templated":true}]}}